{"id":662,"date":"2023-12-11T17:06:43","date_gmt":"2023-12-11T16:06:43","guid":{"rendered":"https:\/\/schallware-ultrasound-simulator.de\/simulationstage\/?page_id=662"},"modified":"2024-01-09T14:08:22","modified_gmt":"2024-01-09T13:08:22","slug":"anfahrt","status":"publish","type":"page","link":"https:\/\/schallware-ultrasound-simulator.de\/simulationstage\/anfahrt\/","title":{"rendered":"Anfahrt"},"content":{"rendered":"\n<div class=\"wp-block-columns is-layout-flex wp-container-core-columns-is-layout-9d6595d7 wp-block-columns-is-layout-flex\">\n<div class=\"wp-block-column is-layout-flow wp-block-column-is-layout-flow\">\n<h3 class=\"wp-block-heading\">Veranstaltungsort Berlin<\/h3>\n\n\n\n<p>Ludwig-Hoffmann-Quartier l-hq<br>Wiltbergstra\u00dfe 50 | Haus 20<br>13125 Berlin-Buch<\/p>\n\n\n\n<p><a rel=\"noreferrer noopener\" href=\"https:\/\/maps.app.goo.gl\/CnwQbkEXwCQhhpn89\" target=\"_blank\">Anfahrt<\/a><\/p>\n<\/div>\n\n\n\n<div class=\"wp-block-column is-layout-flow wp-block-column-is-layout-flow\">\n<figure class=\"wp-block-image size-full\"><img fetchpriority=\"high\" decoding=\"async\" width=\"229\" height=\"500\" src=\"https:\/\/schallware-ultrasound-simulator.de\/simulationstage\/wp-content\/uploads\/sites\/3\/2023\/12\/haus-20-normal-.jpg\" alt=\"\" class=\"wp-image-663\" srcset=\"https:\/\/schallware-ultrasound-simulator.de\/simulationstage\/wp-content\/uploads\/sites\/3\/2023\/12\/haus-20-normal-.jpg 229w, https:\/\/schallware-ultrasound-simulator.de\/simulationstage\/wp-content\/uploads\/sites\/3\/2023\/12\/haus-20-normal--137x300.jpg 137w\" sizes=\"(max-width: 229px) 100vw, 229px\" \/><\/figure>\n<\/div>\n<\/div>\n\n\n\n<div class=\"wp-block-columns is-layout-flex wp-container-core-columns-is-layout-9d6595d7 wp-block-columns-is-layout-flex\">\n<div class=\"wp-block-column is-layout-flow wp-block-column-is-layout-flow\">\n<h3 class=\"wp-block-heading\">Veranstaltungsort Essen<\/h3>\n\n\n\n<p>Universit\u00e4tsklinikum Essen<br>Hufelandstra\u00dfe 55<br>45147 Essen<\/p>\n\n\n\n<p><a rel=\"noreferrer noopener\" href=\"https:\/\/maps.app.goo.gl\/CQBRQCTTigCkj7nj9\" target=\"_blank\">Anfahrt<\/a><\/p>\n<\/div>\n\n\n\n<div class=\"wp-block-column is-layout-flow wp-block-column-is-layout-flow\"><\/div>\n<\/div>\n","protected":false},"excerpt":{"rendered":"<p>Veranstaltungsort Berlin Ludwig-Hoffmann-Quartier l-hqWiltbergstra\u00dfe 50 | Haus 2013125 Berlin-Buch Anfahrt Veranstaltungsort Essen Universit\u00e4tsklinikum EssenHufelandstra\u00dfe 5545147 Essen Anfahrt<\/p>\n","protected":false},"author":1,"featured_media":422,"parent":0,"menu_order":0,"comment_status":"closed","ping_status":"closed","template":"","meta":{"pgc_sgb_lightbox_settings":"","footnotes":""},"class_list":["post-662","page","type-page","status-publish","has-post-thumbnail"],"_links":{"self":[{"href":"https:\/\/schallware-ultrasound-simulator.de\/simulationstage\/wp-json\/wp\/v2\/pages\/662","targetHints":{"allow":["GET"]}}],"collection":[{"href":"https:\/\/schallware-ultrasound-simulator.de\/simulationstage\/wp-json\/wp\/v2\/pages"}],"about":[{"href":"https:\/\/schallware-ultrasound-simulator.de\/simulationstage\/wp-json\/wp\/v2\/types\/page"}],"author":[{"embeddable":true,"href":"https:\/\/schallware-ultrasound-simulator.de\/simulationstage\/wp-json\/wp\/v2\/users\/1"}],"replies":[{"embeddable":true,"href":"https:\/\/schallware-ultrasound-simulator.de\/simulationstage\/wp-json\/wp\/v2\/comments?post=662"}],"version-history":[{"count":3,"href":"https:\/\/schallware-ultrasound-simulator.de\/simulationstage\/wp-json\/wp\/v2\/pages\/662\/revisions"}],"predecessor-version":[{"id":837,"href":"https:\/\/schallware-ultrasound-simulator.de\/simulationstage\/wp-json\/wp\/v2\/pages\/662\/revisions\/837"}],"wp:featuredmedia":[{"embeddable":true,"href":"https:\/\/schallware-ultrasound-simulator.de\/simulationstage\/wp-json\/wp\/v2\/media\/422"}],"wp:attachment":[{"href":"https:\/\/schallware-ultrasound-simulator.de\/simulationstage\/wp-json\/wp\/v2\/media?parent=662"}],"curies":[{"name":"wp","href":"https:\/\/api.w.org\/{rel}","templated":true}]}}