{"id":498,"date":"2023-09-29T11:02:03","date_gmt":"2023-09-29T09:02:03","guid":{"rendered":"https:\/\/schallware-ultrasound-simulator.de\/simulationstage\/?page_id=498"},"modified":"2023-10-02T14:52:46","modified_gmt":"2023-10-02T12:52:46","slug":"kontaktaufnahme","status":"publish","type":"page","link":"https:\/\/schallware-ultrasound-simulator.de\/simulationstage\/kontaktaufnahme\/","title":{"rendered":"Kontaktaufnahme"},"content":{"rendered":"\n<p class=\"has-text-color\" style=\"color:#053647\">Bei Fragen zu den Simulationstagen k\u00f6nnen Sie gerne das unten stehende Kontaktformular verwenden. Alternativ stehen wir Ihnen auch telefonisch unter der Nummer <a href=\"tel:0049(0)3094892071\" data-type=\"tel\" data-id=\"tel:0049(0)3094892071\">+49 (0) 30 94 89 20 71<\/a> zur Verf\u00fcgung.<\/p>\n\n\n\n<p>Ansprechpartner: Gernot Jehle (Gesch\u00e4ftsf\u00fchrer) (<a href=\"tel:\" data-type=\"tel\" data-id=\"tel:\">+49 1777 4911854<\/a>)<\/p>\n\n\n<div class=\"frm_forms  with_frm_style frm_style_formidable-style\" id=\"frm_form_3_container\" data-token=\"3ae323264cfdad88e472bcf7bace9395\">\n<form enctype=\"multipart\/form-data\" method=\"post\" class=\"frm-show-form \" id=\"form_kontaktaufnahme\" data-token=\"3ae323264cfdad88e472bcf7bace9395\">\n<div class=\"frm_form_fields \">\n<fieldset>\n<legend class=\"frm_screen_reader\">Kontaktaufnahme<\/legend>\n\n<div class=\"frm_fields_container\">\n<input type=\"hidden\" name=\"frm_action\" value=\"create\" \/>\n<input type=\"hidden\" name=\"form_id\" value=\"3\" \/>\n<input type=\"hidden\" name=\"frm_hide_fields_3\" id=\"frm_hide_fields_3\" value=\"\" \/>\n<input type=\"hidden\" name=\"form_key\" value=\"kontaktaufnahme\" \/>\n<input type=\"hidden\" name=\"item_meta[0]\" value=\"\" \/>\n<input type=\"hidden\" id=\"frm_submit_entry_3\" name=\"frm_submit_entry_3\" value=\"3003fa5ec6\" \/><input type=\"hidden\" name=\"_wp_http_referer\" value=\"\/simulationstage\/wp-json\/wp\/v2\/pages\/498\" \/><div id=\"frm_field_15_container\" class=\"frm_form_field form-field  frm_required_field frm_top_container\">\n    <div  id=\"field_gmtkq_label\" class=\"frm_primary_label\">Name\n        <span class=\"frm_required\" aria-hidden=\"true\">*<\/span>\n    <\/div>\n    <fieldset aria-labelledby=\"field_gmtkq_label\">\n\t<legend class=\"frm_screen_reader frm_hidden\">\n\t\tName\t<\/legend>\n\n\t<div  class=\"frm_combo_inputs_container\" id=\"frm_combo_inputs_container_15\" data-name-layout=\"first_last\">\n\t\t\t\t\t<div\n\t\t\t\tid=\"frm_field_15-first_container\"\n\t\t\t\tclass=\"frm_form_field form-field frm_form_subfield-first  frm6\"\n\t\t\t\tdata-sub-field-name=\"first\"\n\t\t\t>\n\t\t\t\t<label for=\"field_gmtkq_first\" class=\"frm_screen_reader frm_hidden\">\n\t\t\t\t\tVorname\t\t\t\t<\/label>\n\n\t\t\t\t<input  type=\"text\" id=\"field_gmtkq_first\" value=\"\" name=\"item_meta[15][first]\" data-reqmsg=\"Name kann nicht leer sein.\" aria-required=\"true\" data-invmsg=\"Name ist ung\u00fcltig\" aria-invalid=\"false\"  \/><div class=\"frm_description\" id=\"frm_field_15_first_desc\">Vorname<\/div>\t\t\t<\/div>\n\t\t\t\t\t\t<div\n\t\t\t\tid=\"frm_field_15-last_container\"\n\t\t\t\tclass=\"frm_form_field form-field frm_form_subfield-last  frm6\"\n\t\t\t\tdata-sub-field-name=\"last\"\n\t\t\t>\n\t\t\t\t<label for=\"field_gmtkq_last\" class=\"frm_screen_reader frm_hidden\">\n\t\t\t\t\tNachname\t\t\t\t<\/label>\n\n\t\t\t\t<input  type=\"text\" id=\"field_gmtkq_last\" value=\"\" name=\"item_meta[15][last]\" data-reqmsg=\"Name kann nicht leer sein.\" aria-required=\"true\" data-invmsg=\"Name ist ung\u00fcltig\" aria-invalid=\"false\"  \/><div class=\"frm_description\" id=\"frm_field_15_last_desc\">Nachname<\/div>\t\t\t<\/div>\n\t\t\t\t<\/div>\n<\/fieldset>\n\n    \n    \n<\/div>\n<div id=\"frm_field_17_container\" class=\"frm_form_field form-field  frm_required_field frm_top_container\">\n    <label for=\"field_1fxs4\" id=\"field_1fxs4_label\" class=\"frm_primary_label\">E-Mail\n        <span class=\"frm_required\" aria-hidden=\"true\">*<\/span>\n    <\/label>\n    <input type=\"email\" id=\"field_1fxs4\" name=\"item_meta[17]\" value=\"\"  data-reqmsg=\"E-Mail kann nicht leer sein.\" aria-required=\"true\" data-invmsg=\"E-Mail ist ung\u00fcltig\" aria-invalid=\"false\"  \/>\n    \n    \n<\/div>\n<div id=\"frm_field_16_container\" class=\"frm_form_field form-field  frm_required_field frm_top_container\">\n    <label for=\"field_uugzk\" id=\"field_uugzk_label\" class=\"frm_primary_label\">Fragen\n        <span class=\"frm_required\" aria-hidden=\"true\">*<\/span>\n    <\/label>\n    <input type=\"text\" id=\"field_uugzk\" name=\"item_meta[16]\" value=\"\"  data-reqmsg=\"Dieses Feld darf nicht leer sein.\" aria-required=\"true\" data-invmsg=\"Text ist ung\u00fcltig\" aria-invalid=\"false\"  \/>\n    \n    \n<\/div>\n\t<input type=\"hidden\" name=\"item_key\" value=\"\" \/>\n\t\t\t<div id=\"frm_field_20_container\">\n\t\t\t<label for=\"field_m8sjm\" >\n\t\t\t\tFalls Du menschlich bist, lasse dieses Feld leer.\t\t\t<\/label>\n\t\t\t<input  id=\"field_m8sjm\" type=\"text\" class=\"frm_form_field form-field frm_verify\" name=\"item_meta[20]\" value=\"\"  \/>\n\t\t<\/div>\n\t\t<input name=\"frm_state\" type=\"hidden\" value=\"m+CLnTJPS0e\/4j1FFGf69ADVdllj7JcEmnN6KSKtN2s=\" \/><div class=\"frm_submit\">\n\n<button class=\"frm_button_submit\" type=\"submit\"  >Senden<\/button>\n\n\n<\/div><\/div>\n<\/fieldset>\n<\/div>\n\n<\/form>\n<\/div>\n\n","protected":false},"excerpt":{"rendered":"<p>Bei Fragen zu den Simulationstagen k\u00f6nnen Sie gerne das unten stehende Kontaktformular verwenden. Alternativ stehen wir Ihnen auch telefonisch unter der Nummer +49 (0) 30 94 89 20 71 zur Verf\u00fcgung. Ansprechpartner: Gernot Jehle (Gesch\u00e4ftsf\u00fchrer) (+49 1777 4911854)<\/p>\n","protected":false},"author":1,"featured_media":422,"parent":0,"menu_order":0,"comment_status":"closed","ping_status":"closed","template":"","meta":{"pgc_sgb_lightbox_settings":"","footnotes":""},"class_list":["post-498","page","type-page","status-publish","has-post-thumbnail"],"_links":{"self":[{"href":"https:\/\/schallware-ultrasound-simulator.de\/simulationstage\/wp-json\/wp\/v2\/pages\/498","targetHints":{"allow":["GET"]}}],"collection":[{"href":"https:\/\/schallware-ultrasound-simulator.de\/simulationstage\/wp-json\/wp\/v2\/pages"}],"about":[{"href":"https:\/\/schallware-ultrasound-simulator.de\/simulationstage\/wp-json\/wp\/v2\/types\/page"}],"author":[{"embeddable":true,"href":"https:\/\/schallware-ultrasound-simulator.de\/simulationstage\/wp-json\/wp\/v2\/users\/1"}],"replies":[{"embeddable":true,"href":"https:\/\/schallware-ultrasound-simulator.de\/simulationstage\/wp-json\/wp\/v2\/comments?post=498"}],"version-history":[{"count":4,"href":"https:\/\/schallware-ultrasound-simulator.de\/simulationstage\/wp-json\/wp\/v2\/pages\/498\/revisions"}],"predecessor-version":[{"id":515,"href":"https:\/\/schallware-ultrasound-simulator.de\/simulationstage\/wp-json\/wp\/v2\/pages\/498\/revisions\/515"}],"wp:featuredmedia":[{"embeddable":true,"href":"https:\/\/schallware-ultrasound-simulator.de\/simulationstage\/wp-json\/wp\/v2\/media\/422"}],"wp:attachment":[{"href":"https:\/\/schallware-ultrasound-simulator.de\/simulationstage\/wp-json\/wp\/v2\/media?parent=498"}],"curies":[{"name":"wp","href":"https:\/\/api.w.org\/{rel}","templated":true}]}}