{"id":157,"date":"2023-08-23T11:45:03","date_gmt":"2023-08-23T09:45:03","guid":{"rendered":"https:\/\/schallware-ultrasound-simulator.de\/simulationstage\/?page_id=157"},"modified":"2023-12-22T19:56:27","modified_gmt":"2023-12-22T18:56:27","slug":"sonographiekurs-notfallsonographie-winter-berlin","status":"publish","type":"page","link":"https:\/\/schallware-ultrasound-simulator.de\/simulationstage\/sonographiekurs-notfallsonographie-winter-berlin\/","title":{"rendered":"Sonographiekurs Notfallsonografie"},"content":{"rendered":"\n<div class=\"wp-block-columns has-background is-layout-flex wp-container-core-columns-is-layout-9d6595d7 wp-block-columns-is-layout-flex\" style=\"background-color:#0537474d\">\n<div class=\"wp-block-column is-vertically-aligned-center is-layout-flow wp-block-column-is-layout-flow\" style=\"flex-basis:50%\">\n<h3 class=\"wp-block-heading\"><strong>Wissenschaftliche Leitung:<\/strong><\/h3>\n\n\n\n<p>Dr. Wolfgang Heinz<br>DEGUM 3 Notfallsonographie, Helios Klinik Rottweil<br><\/p>\n<\/div>\n\n\n\n<div class=\"wp-block-column is-layout-flow wp-block-column-is-layout-flow\" style=\"flex-basis:50%\"><div class=\"wp-block-image\">\n<figure class=\"aligncenter size-large is-resized\"><a href=\"https:\/\/www.helios-gesundheit.de\/kliniken\/rottweil\/unser-angebot\/unsere-mitarbeiter\/profil\/person\/wolfgang-heinz\/\" target=\"_blank\" rel=\"noreferrer noopener\"><img decoding=\"async\" src=\"https:\/\/schallware-ultrasound-simulator.de\/simulationstage\/wp-content\/uploads\/sites\/3\/2023\/09\/Bild02-717x1024.png\" alt=\"\" class=\"wp-image-496\" width=\"179\" height=\"256\" srcset=\"https:\/\/schallware-ultrasound-simulator.de\/simulationstage\/wp-content\/uploads\/sites\/3\/2023\/09\/Bild02-717x1024.png 717w, https:\/\/schallware-ultrasound-simulator.de\/simulationstage\/wp-content\/uploads\/sites\/3\/2023\/09\/Bild02-210x300.png 210w, https:\/\/schallware-ultrasound-simulator.de\/simulationstage\/wp-content\/uploads\/sites\/3\/2023\/09\/Bild02.png 750w\" sizes=\"(max-width: 179px) 100vw, 179px\" \/><\/a><\/figure><\/div><\/div>\n<\/div>\n\n\n\n<div class=\"wp-block-columns is-layout-flex wp-container-core-columns-is-layout-9d6595d7 wp-block-columns-is-layout-flex\">\n<div class=\"wp-block-column is-layout-flow wp-block-column-is-layout-flow\">\n<h2 class=\"wp-block-heading\">Beschreibung<\/h2>\n<\/div>\n\n\n\n<div class=\"wp-block-column is-layout-flow wp-block-column-is-layout-flow\">\n<div class=\"wp-block-buttons is-content-justification-center is-layout-flex wp-container-core-buttons-is-layout-16018d1d wp-block-buttons-is-layout-flex\">\n<div class=\"wp-block-button has-custom-font-size has-medium-font-size\"><a class=\"wp-block-button__link has-white-color has-text-color has-background wp-element-button\" href=\"https:\/\/vermietung.schallware.de\/rental\/836\" style=\"background-color:#053647\" target=\"_blank\" rel=\"noreferrer noopener\">Anmeldung<\/a><\/div>\n<\/div>\n<\/div>\n<\/div>\n\n\n\n<p>Mit diesem DEGUM Grundkurs Notfallsonografie richten wir uns an alle an der Notfallversorgung interessierten \u00c4rzte und \u00c4rztinnen (Anf\u00e4nger*innen und Neueinsteiger*innen). Ob Notaufnahme, Intensivstation, Normalstation oder Praxis, durch rasche und zielgerichtete Sonographie k\u00f6nnen Sie im klinischen Alltag Therapieentscheidungen in k\u00fcrzester Zeit treffen.<br>Unsere Referent*innen f\u00fchren in Kurzvortr\u00e4gen in die jeweilige fokussierte Untersuchungstechnik ein. Im Anschluss erarbeiten sich die Kursteilnehmer*innen selbstst\u00e4ndig und im Team Normalbefunde und typische pathologische Befunde anhand von echten Patientenkasuistiken. W\u00e4hrend der Vortragszeit nutzen die Teilnehmer*innen dabei jeweils zu zweit einen der Simulatoren, an denen Fallbeispiele (klinische Daten und virtuelle Modelle) hochgeladen werden k\u00f6nnen. Die praktischen \u00dcbungen am US-Ger\u00e4t nehmen 9* UE (45 Minuten) des Kurses ein. Es stehen 6 US-Ger\u00e4te zur Verf\u00fcgung mit Tutor*innen und Referent*innen.<\/p>\n\n\n\n<p>Die Simulatortechnik hat f\u00fcr den Kursteilnehmer*in den gro\u00dfen Vorteil klarer Bilder mit starkem Wissenszuwachs in k\u00fcrzester Zeit ohne Ablenkung durch Patienteneinfl\u00fcsse (Lagerung, Atmung, Compliance, Adipositas). Die F\u00e4lle werden anschlie\u00dfend in der Gruppe gemeinsam diskutiert, w\u00e4hrend zeitgleich die Untersuchung an dem Patienten-Dummy durch die Kursteilnehmer*innen praktisch nachvollzogen werden k\u00f6nnen. Desweiteren bieten wir Punktionsmodelle an.<\/p>\n\n\n\n<h2 class=\"wp-block-heading\">Zeitplan<\/h2>\n\n\n\n<div class=\"wp-block-columns is-layout-flex wp-container-core-columns-is-layout-9d6595d7 wp-block-columns-is-layout-flex\">\n<div class=\"wp-block-column has-white-color has-text-color has-background is-layout-flow wp-block-column-is-layout-flow\" style=\"background-color:#0537479c\">\n<h3 class=\"wp-block-heading has-text-align-center has-white-color has-text-color\">Tag 1<\/h3>\n\n\n\n<div class=\"wp-block-columns is-layout-flex wp-container-core-columns-is-layout-9d6595d7 wp-block-columns-is-layout-flex\">\n<div class=\"wp-block-column is-layout-flow wp-block-column-is-layout-flow\" style=\"flex-basis:2%\"><\/div>\n\n\n\n<div class=\"wp-block-column is-layout-flow wp-block-column-is-layout-flow\">\n<p>07:45-08:00 Uhr\u2003Begr\u00fc\u00dfung<br>08:00-08:15 Uhr\u2003Grundlagen: Ultraschallphysik und relevante Artefakte\u2003<br>08:15-08:45 Uhr\u2003Funktionelle Anatomie des Herzens, Fokussierte Echokardiographie und Echokardiographie in ALS (FEEL), Untersuchungsablauf und<br>Integration in den Behandlungsablauf)<br>08:45-09:15 Uhr\u2003\u00dcbungen am virtuellen Herzmodell, Simulator<br>09:15-10:30 Uhr\u2003Praktische \u00dcbungen an US-Ger\u00e4ten (+1 2\/3 UE, Summe 1 2\/3 UE)<br>10:30-10:45 Uhr\u2003Kaffee-Pause<br>10:45-11:00 Uhr\u2003Fokus LV-Funktion<br>11:00-11:15 Uhr\u2003Orientierende Klappendiagnostik<br>11:15-11:45 Uhr\u2003\u00dcbungen an Realvolumen am Simulator<br>11:45:12:30 Uhr\u2003Praktische \u00dcbungen an US-Ger\u00e4ten (+1 UE, Summe 2 2\/3 UE)<br>12:30-13:00 Uhr\u2003Mittagspause<br>13:00-13:30 Uhr\u2003 Rechtsherzbelastung, Volumenstatus, Perikarderguss<br>13:30-13:45 Uhr\u2003\u00dcbungen an Realvolumen am Simulator<br>13:45-14:30 Uhr\u2003Praktische \u00dcbungen an US-Ger\u00e4ten (+1 UE, Summe 3 2\/3 UE)<\/p>\n\n\n\n<p><\/p>\n<\/div>\n\n\n\n<div class=\"wp-block-column is-layout-flow wp-block-column-is-layout-flow\" style=\"flex-basis:2%\"><\/div>\n<\/div>\n<\/div>\n\n\n\n<div class=\"wp-block-column has-white-color has-text-color has-background is-layout-flow wp-block-column-is-layout-flow\" style=\"background-color:#053747e6\">\n<h3 class=\"wp-block-heading has-text-align-center has-white-color has-text-color\">Tag 2<\/h3>\n\n\n\n<div class=\"wp-block-columns is-layout-flex wp-container-core-columns-is-layout-9d6595d7 wp-block-columns-is-layout-flex\">\n<div class=\"wp-block-column is-layout-flow wp-block-column-is-layout-flow\" style=\"flex-basis:2%\"><\/div>\n\n\n\n<div class=\"wp-block-column is-layout-flow wp-block-column-is-layout-flow\">\n<p>08:00-08:20 Uhr \u2003Fokus Nieren<br>08:20-08:40 Uhr \u2003Fokus Gallenblase<br>08:40-09:00 Uhr \u2003\u00dcbungen an Realvolumen Abdomen am Simulator<br>09:00-09:45 Uhr \u2003Praktische \u00dcbungen an US-Ger\u00e4ten (+1 UE, Summe 4 2\/3 UE)<br>09:45-10:00 Uhr \u2003Kaffee-Pause<br>10:00:10:20 Uhr \u2003FAST: Standardschnitte, Untersuchungsablauf und Integration in den   Behandlungsablauf<br>10:20-10:40 Uhr \u2003\u00dcbungen an Realvolumen Abdomen am Simulator<br>10:40-11:25 Uhr\u2003 Praktische \u00dcbungen an US-Ger\u00e4ten (+1 UE, Summe 5 2\/3 UE)<br>11:25-11:35 Uhr \u2003Kaffee-Pause<br>11:35-11:55 Uhr \u2003Fokus Abdominalgef\u00e4\u00dfe<br>11:55-12:10 Uhr \u2003\u00dcbungen an Realvolumen Abdominalgef\u00e4\u00dfe am Simulator<br>12:10-12:55 Uhr\u2003 Praktische \u00dcbungen an US-Ger\u00e4ten (+1 UE, Summe 6 2\/3 UE)<br>12:55-13:35 Uhr\u2003 Mittagspause<br>13:35-13:55 Uhr\u2003 TVT, 2-Punkt-Kompressionssonographie der tiefen Beinvenen<br>13:55-14:15 Uhr\u2003 Ultraschallgesteuerte Punktion<br>14:15-14:30 Uhr\u2003 \u00dcbung am Punktionsmodell, Simulation<br>14:30-14:50 Uhr\u2003 Fokus Thoraxsonographie<br>14:50-15:35 Uhr \u2003Praktische \u00dcbungen an US-Ger\u00e4ten (+1 UE, Summe 7 2\/3 UE)<br>15:35-15:50 Uhr \u2003Kaffee-Pause<br>15:50-16:10 Uhr \u2003Vorschlag bzgl. der Bild- und Befund-Dokumentation<br>16:10-16:45 Uhr\u2003Pathologien am Simulator, \u00dcbungen<br>16:45-17:45Uhr \u2003\u00dcbungen an US-Ger\u00e4ten, Wiederholung an US-Ger\u00e4ten (+1 1\/3 UE Abdomen und Herz, Summe 9 UE)<br>17:45-18:00 Uhr\u2003 Abschlussbesprechung, Feedback, Ausgabe der Zertifikate<\/p>\n<\/div>\n<\/div>\n<\/div>\n<\/div>\n\n\n\n<div style=\"height:25px\" aria-hidden=\"true\" class=\"wp-block-spacer\"><\/div>\n\n\n\n<div class=\"wp-block-columns is-layout-flex wp-container-core-columns-is-layout-9d6595d7 wp-block-columns-is-layout-flex\">\n<div class=\"wp-block-column is-layout-flow wp-block-column-is-layout-flow\">\n<h2 class=\"wp-block-heading\">Preis<\/h2>\n\n\n\n<p>1.008,00 \u20ac inkl. MwSt.<\/p>\n<\/div>\n\n\n\n<div class=\"wp-block-column is-vertically-aligned-center is-layout-flow wp-block-column-is-layout-flow\">\n<div class=\"wp-block-buttons is-content-justification-right is-layout-flex wp-container-core-buttons-is-layout-765c4724 wp-block-buttons-is-layout-flex\">\n<div class=\"wp-block-button has-custom-font-size is-style-outline has-small-font-size is-style-outline--1\"><a class=\"wp-block-button__link wp-element-button\" href=\"https:\/\/www.schallware.de\/rental\/836\/flyer.pdf\" target=\"_blank\" rel=\"noreferrer noopener\">Flyer zum Download<\/a><\/div>\n<\/div>\n<\/div>\n<\/div>\n\n\n\n<div class=\"wp-block-buttons is-content-justification-center is-layout-flex wp-container-core-buttons-is-layout-16018d1d wp-block-buttons-is-layout-flex\">\n<div class=\"wp-block-button has-custom-font-size has-medium-font-size\"><a class=\"wp-block-button__link has-white-color has-text-color has-background wp-element-button\" href=\"https:\/\/vermietung.schallware.de\/rental\/836\" style=\"background-color:#053647\" target=\"_blank\" rel=\"noreferrer noopener\">Anmeldung<\/a><\/div>\n<\/div>\n","protected":false},"excerpt":{"rendered":"<p>Wissenschaftliche Leitung: Dr. Wolfgang HeinzDEGUM 3 Notfallsonographie, Helios Klinik Rottweil Beschreibung Mit diesem DEGUM Grundkurs Notfallsonografie richten wir uns an alle an der Notfallversorgung interessierten \u00c4rzte und \u00c4rztinnen (Anf\u00e4nger*innen und Neueinsteiger*innen). Ob Notaufnahme, Intensivstation, Normalstation oder Praxis, durch rasche und zielgerichtete Sonographie k\u00f6nnen Sie im klinischen Alltag Therapieentscheidungen in k\u00fcrzester Zeit treffen.Unsere Referent*innen f\u00fchren in Kurzvortr\u00e4gen in die jeweilige fokussierte Untersuchungstechnik ein. Im Anschluss erarbeiten sich die Kursteilnehmer*innen selbstst\u00e4ndig und im Team Normalbefunde und typische pathologische Befunde anhand von echten Patientenkasuistiken. W\u00e4hrend der Vortragszeit nutzen die Teilnehmer*innen dabei jeweils zu zweit einen der Simulatoren, an denen Fallbeispiele (klinische Daten und virtuelle Modelle) hochgeladen werden k\u00f6nnen. Die praktischen \u00dcbungen am US-Ger\u00e4t nehmen 9* UE (45 Minuten) des Kurses ein. Es stehen 6 US-Ger\u00e4te zur Verf\u00fcgung mit Tutor*innen und Referent*innen. Die Simulatortechnik hat f\u00fcr den Kursteilnehmer*in den gro\u00dfen Vorteil klarer Bilder mit starkem Wissenszuwachs in k\u00fcrzester Zeit ohne Ablenkung durch Patienteneinfl\u00fcsse (Lagerung,&hellip;<\/p>\n<p> <a class=\"more-link\" href=\"https:\/\/schallware-ultrasound-simulator.de\/simulationstage\/sonographiekurs-notfallsonographie-winter-berlin\/\">Weiterlesen<\/a><\/p>\n","protected":false},"author":1,"featured_media":113,"parent":0,"menu_order":0,"comment_status":"closed","ping_status":"closed","template":"","meta":{"pgc_sgb_lightbox_settings":"","footnotes":""},"class_list":["post-157","page","type-page","status-publish","has-post-thumbnail"],"_links":{"self":[{"href":"https:\/\/schallware-ultrasound-simulator.de\/simulationstage\/wp-json\/wp\/v2\/pages\/157","targetHints":{"allow":["GET"]}}],"collection":[{"href":"https:\/\/schallware-ultrasound-simulator.de\/simulationstage\/wp-json\/wp\/v2\/pages"}],"about":[{"href":"https:\/\/schallware-ultrasound-simulator.de\/simulationstage\/wp-json\/wp\/v2\/types\/page"}],"author":[{"embeddable":true,"href":"https:\/\/schallware-ultrasound-simulator.de\/simulationstage\/wp-json\/wp\/v2\/users\/1"}],"replies":[{"embeddable":true,"href":"https:\/\/schallware-ultrasound-simulator.de\/simulationstage\/wp-json\/wp\/v2\/comments?post=157"}],"version-history":[{"count":17,"href":"https:\/\/schallware-ultrasound-simulator.de\/simulationstage\/wp-json\/wp\/v2\/pages\/157\/revisions"}],"predecessor-version":[{"id":744,"href":"https:\/\/schallware-ultrasound-simulator.de\/simulationstage\/wp-json\/wp\/v2\/pages\/157\/revisions\/744"}],"wp:featuredmedia":[{"embeddable":true,"href":"https:\/\/schallware-ultrasound-simulator.de\/simulationstage\/wp-json\/wp\/v2\/media\/113"}],"wp:attachment":[{"href":"https:\/\/schallware-ultrasound-simulator.de\/simulationstage\/wp-json\/wp\/v2\/media?parent=157"}],"curies":[{"name":"wp","href":"https:\/\/api.w.org\/{rel}","templated":true}]}}