{"id":141,"date":"2023-08-23T12:23:40","date_gmt":"2023-08-23T10:23:40","guid":{"rendered":"https:\/\/schallware-ultrasound-simulator.de\/simulationstage\/?page_id=141"},"modified":"2023-12-22T12:52:27","modified_gmt":"2023-12-22T11:52:27","slug":"abdomen-aufbaukurs-sommer-berlin","status":"publish","type":"page","link":"https:\/\/schallware-ultrasound-simulator.de\/simulationstage\/abdomen-aufbaukurs-sommer-berlin\/","title":{"rendered":"Abdomen Aufbaukurs"},"content":{"rendered":"\n<div class=\"wp-block-columns has-background is-layout-flex wp-container-core-columns-is-layout-9d6595d7 wp-block-columns-is-layout-flex\" style=\"background-color:#0537474d\">\n<div class=\"wp-block-column is-vertically-aligned-center is-layout-flow wp-block-column-is-layout-flow\" style=\"flex-basis:50%\">\n<p><strong>Wissenschaftliche Leitung:<\/strong><br> Prof. Dr. med. Christoph Dietrich<br>(DEGUM Stufe 3, Hirslanden Bern Schweiz)<br><\/p>\n<\/div>\n\n\n\n<div class=\"wp-block-column is-vertically-aligned-center is-layout-flow wp-block-column-is-layout-flow\" style=\"flex-basis:50%\"><div class=\"wp-block-image\">\n<figure class=\"aligncenter size-large is-resized\"><a href=\"https:\/\/www.hirslanden.ch\/de\/corporate\/aerzte\/3\/prof-dr-med-christoph-f-dietrich.html\" target=\"_blank\" rel=\"noreferrer noopener\"><img decoding=\"async\" src=\"https:\/\/schallware-ultrasound-simulator.de\/simulationstage\/wp-content\/uploads\/sites\/3\/2023\/10\/Curriculum-cv-Dietrich-CF-FOTO-681x1024.jpg\" alt=\"\" class=\"wp-image-550\" width=\"170\" height=\"256\" srcset=\"https:\/\/schallware-ultrasound-simulator.de\/simulationstage\/wp-content\/uploads\/sites\/3\/2023\/10\/Curriculum-cv-Dietrich-CF-FOTO-681x1024.jpg 681w, https:\/\/schallware-ultrasound-simulator.de\/simulationstage\/wp-content\/uploads\/sites\/3\/2023\/10\/Curriculum-cv-Dietrich-CF-FOTO-200x300.jpg 200w, https:\/\/schallware-ultrasound-simulator.de\/simulationstage\/wp-content\/uploads\/sites\/3\/2023\/10\/Curriculum-cv-Dietrich-CF-FOTO-768x1154.jpg 768w, https:\/\/schallware-ultrasound-simulator.de\/simulationstage\/wp-content\/uploads\/sites\/3\/2023\/10\/Curriculum-cv-Dietrich-CF-FOTO-1022x1536.jpg 1022w, https:\/\/schallware-ultrasound-simulator.de\/simulationstage\/wp-content\/uploads\/sites\/3\/2023\/10\/Curriculum-cv-Dietrich-CF-FOTO-1363x2048.jpg 1363w, https:\/\/schallware-ultrasound-simulator.de\/simulationstage\/wp-content\/uploads\/sites\/3\/2023\/10\/Curriculum-cv-Dietrich-CF-FOTO-scaled.jpg 1703w\" sizes=\"(max-width: 170px) 100vw, 170px\" \/><\/a><\/figure><\/div><\/div>\n<\/div>\n\n\n\n<div class=\"wp-block-columns has-background is-layout-flex wp-container-core-columns-is-layout-9d6595d7 wp-block-columns-is-layout-flex\" style=\"background-color:#0537471f\">\n<div class=\"wp-block-column is-vertically-aligned-center is-layout-flow wp-block-column-is-layout-flow\" style=\"flex-basis:66.66%\"><div class=\"wp-block-image\">\n<figure class=\"aligncenter size-large is-resized\"><a href=\"https:\/\/www.helios-gesundheit.de\/kliniken\/berlin-buch\/unser-angebot\/unsere-mitarbeiter\/profil\/person\/claudia-lucius\/\" target=\"_blank\" rel=\"noreferrer noopener\"><img decoding=\"async\" src=\"https:\/\/schallware-ultrasound-simulator.de\/simulationstage\/wp-content\/uploads\/sites\/3\/2023\/09\/Passfoto-Dr.-Lucius-742x1024.jpg\" alt=\"\" class=\"wp-image-406\" width=\"186\" height=\"256\" srcset=\"https:\/\/schallware-ultrasound-simulator.de\/simulationstage\/wp-content\/uploads\/sites\/3\/2023\/09\/Passfoto-Dr.-Lucius-742x1024.jpg 742w, https:\/\/schallware-ultrasound-simulator.de\/simulationstage\/wp-content\/uploads\/sites\/3\/2023\/09\/Passfoto-Dr.-Lucius-217x300.jpg 217w, https:\/\/schallware-ultrasound-simulator.de\/simulationstage\/wp-content\/uploads\/sites\/3\/2023\/09\/Passfoto-Dr.-Lucius-768x1060.jpg 768w, https:\/\/schallware-ultrasound-simulator.de\/simulationstage\/wp-content\/uploads\/sites\/3\/2023\/09\/Passfoto-Dr.-Lucius.jpg 1096w\" sizes=\"(max-width: 186px) 100vw, 186px\" \/><\/a><\/figure><\/div><\/div>\n\n\n\n<div class=\"wp-block-column is-vertically-aligned-center is-layout-flow wp-block-column-is-layout-flow\" style=\"flex-basis:33.33%\">\n<p><strong>Referent: <\/strong><br>Frau Dr. med. Claudia Lucius<br>(DEGUM Stufe 2, Ausbilderin, Poliklinik am Helios Berlin-Buch), F\u00c4 f\u00fcr Innere Medizin\/Gastroenterologie<br><\/p>\n<\/div>\n<\/div>\n\n\n\n<div class=\"wp-block-columns has-background is-layout-flex wp-container-core-columns-is-layout-9d6595d7 wp-block-columns-is-layout-flex\" style=\"background-color:#05374773\">\n<div class=\"wp-block-column is-vertically-aligned-center is-layout-flow wp-block-column-is-layout-flow\" style=\"flex-basis:50%\">\n<p><strong>Referent: <\/strong><br>Prof. Dr. med. Andrej Potthoff<br>Internist, Gastroenterologe Medizinische Hochschule Hannover, Gemeinschaftspraxis f\u00fcr Innere Medizin und Gastroenterologie<br>MEDICUM Wunstorf<\/p>\n<\/div>\n\n\n\n<div class=\"wp-block-column is-layout-flow wp-block-column-is-layout-flow\" style=\"flex-basis:50%\"><div class=\"wp-block-image\">\n<figure class=\"aligncenter size-full is-resized\"><a href=\"https:\/\/www.mhh.de\/ghie\/die-klinik\/team\/oberaerztinnen-und-oberaerzte\/prof-dr-med-andrej-potthoff\" target=\"_blank\" rel=\"noreferrer noopener\"><img fetchpriority=\"high\" decoding=\"async\" src=\"https:\/\/schallware-ultrasound-simulator.de\/simulationstage\/wp-content\/uploads\/sites\/3\/2023\/09\/potthoff.jpeg\" alt=\"\" class=\"wp-image-446\" width=\"265\" height=\"265\" srcset=\"https:\/\/schallware-ultrasound-simulator.de\/simulationstage\/wp-content\/uploads\/sites\/3\/2023\/09\/potthoff.jpeg 530w, https:\/\/schallware-ultrasound-simulator.de\/simulationstage\/wp-content\/uploads\/sites\/3\/2023\/09\/potthoff-300x300.jpeg 300w, https:\/\/schallware-ultrasound-simulator.de\/simulationstage\/wp-content\/uploads\/sites\/3\/2023\/09\/potthoff-150x150.jpeg 150w\" sizes=\"(max-width: 265px) 100vw, 265px\" \/><\/a><\/figure><\/div><\/div>\n<\/div>\n\n\n\n<h2 class=\"wp-block-heading\">Beschreibung<\/h2>\n\n\n\n<p>Ziel des Kurses ist einen Aufbaukus Abdomen nach DEGUM-Richtlinien anzubieten, welcher durch zus\u00e4tzliche \u00dcbungszeit im und ausserhalb des Kurses von Simulatoren und damit reproduzierbaren Lerninhalten unterst\u00fctzt wird. W\u00e4hrend Vortr\u00e4gen kann an Fallbeispielen mitgeschallt und an praktischen \u00dcbungen das Wissen vertieft werden.<br>Dadurch ist sichergestellt, dass ein breites Spektrum an Pathologien im Aufbaukurs selbst geschallt werden kann. In der Regel werden bei \u00dcbungen die Teilnehmer zun\u00e4chst vorschallen und dann wird der Fall am Masterger\u00e4t mit Beamer erl\u00e4utert und besprochen. Unterst\u00fctzung f\u00fcr die Teilnehmer w\u00e4hrend des Vorschallens ergibt sich durch die Unterst\u00fctzung von Referenten und Tutoren.<br>Sinnvolle Untersuchungsstrategien mit Erl\u00e4uterung der Ger\u00e4tefunktionen sowohl am Simulator und als auch am lebenden Modell werden vorgestellt. Befundterminologie und anatomische Grundlagen der abdominellen Gef\u00e4\u00dfanatomie werden in Videos vorab erl\u00e4utert. Der Fokus des Kurses wird auf das selbst\u00e4ndige Erarbeiten von Anatomie und Patientenf\u00e4llen am Simulator gelegt. Dies hat f\u00fcr den fortgeschrittenen Teilnehmer den gro\u00dfen Vorteil klarer Bilder mit starkem Wissenszuwachs ohne Ablenkung durch Patienteneinfl\u00fcsse (Lagerung, Atmung, Compliance, Adipositas).<br>Die Referenten und Tutoren f\u00fchren mit Kurzvortr\u00e4gen die jeweiligenThemen ein. Im Anschlu\u00df erarbeiten sich die Teilnehmer selbst\u00e4ndig Normalbefunde und typische pathologische Befunde anhand von echten Patientenkasuistiken. Die Teilnehmer nutzen dabei jeweils zu zweit einen der Simulatoren, an denen Fallbeispiele (klinische Daten und virtuelle Modelle) hochgeladen werden k\u00f6nnen. Die Untersuchung erfolgt an einem Patienten-Dummy, in den reale dreidimensionale Patientendaten virtuell projiziert werden. Entsprechend der Sondenposition wird aus den realen Daten das B-Bild berechnet und auf dem Bildschirm dargestellt. Neben den interaktiven Vortr\u00e4gen stehen pro 5 Teilnehmer US-Ger\u00e4te mit Tutoren zur Verf\u00fcgung. Der Kurs beinhaltet mind. 12 Vortragsstunden mit Simulation, sowie mind. 12 \u00dcbungsstunden am Simulator und US-Ger\u00e4t. Optional kann an einem Tag nach self-learning Modulen am Simulator ge\u00fcbt werden.<br>Der Schallware Simulator erlaubt ein realit\u00e4tsnahes Hands-On-Training, Zugriff auf Patienten, mit Messungen, Bildspeicherung, Q&amp;A und Reporting.<br>Mit Hilfe von Regions of Interest (Segmentationen im Raum) f\u00fchrt Sie das System treffsicher zu bestimmten anatomischen oder pathologischen Strukturen. Zur weiteren Unterst\u00fctzung k\u00f6nnen auch 3D Modelle, Vortragsfolien, Videos und \u00dcbungen mit Feedback interaktiv herangezogen werden.<\/p>\n\n\n\n<h2 class=\"wp-block-heading\">Zeitplan<\/h2>\n\n\n\n<div class=\"wp-block-columns is-layout-flex wp-container-core-columns-is-layout-9d6595d7 wp-block-columns-is-layout-flex\">\n<div class=\"wp-block-column has-white-color has-text-color has-background is-layout-flow wp-block-column-is-layout-flow\" style=\"background-color:#0537474f\">\n<h3 class=\"wp-block-heading has-text-align-center has-white-color has-text-color\">Tag 1<\/h3>\n\n\n\n<div class=\"wp-block-columns is-layout-flex wp-container-core-columns-is-layout-9d6595d7 wp-block-columns-is-layout-flex\">\n<div class=\"wp-block-column is-layout-flow wp-block-column-is-layout-flow\" style=\"flex-basis:2%\"><\/div>\n\n\n\n<div class=\"wp-block-column is-layout-flow wp-block-column-is-layout-flow\">\n<p>15:00-15:45 Vortrag Darmsonographie, CED<br>15:45-16:45 Praktische \u00dcbungen am US-Ger\u00e4t mit Proband ( + 1 UE, Summe Praxis 1 UE)<br>Pause<br>17:00-17:45 Vortrag Sonographie des Pankreas<br>17:45-18:45 Praktische \u00dcbungen am US-Ger\u00e4t mit Proband ( + 1 UE, Summe Praxis 2 UE)<br>Pause<br>19:00-19:45 Vortrag Sonographie der Leber I Darstellung,<br>19:45-20:45 Praktische \u00dcbungen am US-Ger\u00e4t mit Proband ( + 1 UE, Summe Praxis 3 UE)<\/p>\n\n\n\n<p><\/p>\n<\/div>\n\n\n\n<div class=\"wp-block-column is-layout-flow wp-block-column-is-layout-flow\" style=\"flex-basis:2%\"><\/div>\n<\/div>\n<\/div>\n\n\n\n<div class=\"wp-block-column has-white-color has-text-color has-background is-layout-flow wp-block-column-is-layout-flow\" style=\"background-color:#05374769\">\n<h3 class=\"wp-block-heading has-text-align-center has-white-color has-text-color\">Tag 2<\/h3>\n\n\n\n<div class=\"wp-block-columns is-layout-flex wp-container-core-columns-is-layout-9d6595d7 wp-block-columns-is-layout-flex\">\n<div class=\"wp-block-column is-layout-flow wp-block-column-is-layout-flow\" style=\"flex-basis:2%\"><\/div>\n\n\n\n<div class=\"wp-block-column is-layout-flow wp-block-column-is-layout-flow\">\n<p>15:00-15:45 Vortrag Sonographie der Leber II<br>Differentialdiagnosen,<br>15:45-16:45 Praktische \u00dcbungen am US-Ger\u00e4t mit Proband ( + 1 UE, Summe Praxis 4 UE)<br>Pause<br>17:00-17:45 Vortrag Sonographie der Gallenblase Pathologien,<br>17:45-18:45 Praktische \u00dcbungen am US-Ger\u00e4t mit Proband ( + 1 UE, Summe Praxis 5 UE)<br>19:00-19:45 Vortrag Sonographie der Gallenwege Pathologien,<br>19:45-20:45 Praktische \u00dcbungen am US-Ger\u00e4t mit Proband ( + 1 UE, Summe Praxis 6 UE)<\/p>\n<\/div>\n\n\n\n<div class=\"wp-block-column is-layout-flow wp-block-column-is-layout-flow\" style=\"flex-basis:2%\"><\/div>\n<\/div>\n<\/div>\n<\/div>\n\n\n\n<p class=\"has-text-align-center has-white-color has-text-color has-background\" style=\"background-color:#0537474d\">Sonntag 13.30-16:30 selbstst\u00e4ndiges Lernen am Simulator mit Videos, \u00dcbungen, Feedback, Zugriff auf dokumentierte Pathologien <\/p>\n\n\n\n<div style=\"height:25px\" aria-hidden=\"true\" class=\"wp-block-spacer\"><\/div>\n\n\n\n<div class=\"wp-block-columns is-layout-flex wp-container-core-columns-is-layout-9d6595d7 wp-block-columns-is-layout-flex\">\n<div class=\"wp-block-column has-white-color has-text-color has-background is-layout-flow wp-block-column-is-layout-flow\" style=\"background-color:#05374799\">\n<h3 class=\"wp-block-heading has-text-align-center has-white-color has-text-color\">Tag 3<\/h3>\n\n\n\n<div class=\"wp-block-columns is-layout-flex wp-container-core-columns-is-layout-9d6595d7 wp-block-columns-is-layout-flex\">\n<div class=\"wp-block-column is-layout-flow wp-block-column-is-layout-flow\" style=\"flex-basis:2%\"><\/div>\n\n\n\n<div class=\"wp-block-column is-layout-flow wp-block-column-is-layout-flow\">\n<p>15:00-15:45 Vortrag Sonographie der Niere und Nebenniere<br>Perfusionsdiagnostik und Differentialdiagnose,<br>15:45-16:45 Praktische \u00dcbungen am US-Ger\u00e4t mit Proband ( + 1 UE, Summe Praxis 7 UE),<br>Pause<br>17:00-17:45 Vortrag Sonographie der Milz<br>17:45-18:45 Praktische \u00dcbungen am US-Ger\u00e4t mit Proband ( + 1 UE, Summe Praxis 8 UE)<br>Pause<br>19:00-19:45 Vortrag Sonographie Kleines Becken Pathologien,<br>19:45-20:45 Praktische \u00dcbungen am US-Ger\u00e4t mit Proband ( + 1 UE, Summe Praxis 9 UE)<\/p>\n\n\n\n<p><\/p>\n<\/div>\n\n\n\n<div class=\"wp-block-column is-layout-flow wp-block-column-is-layout-flow\" style=\"flex-basis:2%\"><\/div>\n<\/div>\n<\/div>\n\n\n\n<div class=\"wp-block-column has-white-color has-text-color has-background is-layout-flow wp-block-column-is-layout-flow\" style=\"background-color:#053747de\">\n<h3 class=\"wp-block-heading has-text-align-center has-white-color has-text-color\">Tag 4<\/h3>\n\n\n\n<div class=\"wp-block-columns is-layout-flex wp-container-core-columns-is-layout-9d6595d7 wp-block-columns-is-layout-flex\">\n<div class=\"wp-block-column is-layout-flow wp-block-column-is-layout-flow\" style=\"flex-basis:2%\"><\/div>\n\n\n\n<div class=\"wp-block-column is-layout-flow wp-block-column-is-layout-flow\">\n<p>15:00-15:45 Vortrag Lymphknoten Differentialdiagnose,<br>Vergr\u00f6\u00dferung, Pathologien<br>15:45-16:45 Praktische \u00dcbungen am US-Ger\u00e4t mit Proband ( + 1 UE, Summe Praxis 10 UE)<br>Pause<br>17:00-17:45 Vortrag Thorax, Pleuraver\u00e4nderungen,<br>Pathologien<br>17:45-18:45 Praktische \u00dcbungen am US-Ger\u00e4t mit Proband ( + 1 UE, Summe Praxis 11 UE)<br>Pause<br>19:00-19:45 Vortrag Ultraschallmethodik, Doppler-Sonographie, FKDS, PW-Doppler<br>19:45-20:45 Praktische \u00dcbungen am US-Ger\u00e4t mit Proband ( +1 UE, Summe Praxis 12 UE)<\/p>\n<\/div>\n\n\n\n<div class=\"wp-block-column is-layout-flow wp-block-column-is-layout-flow\" style=\"flex-basis:2%\"><\/div>\n<\/div>\n<\/div>\n<\/div>\n\n\n\n<div class=\"wp-block-columns is-layout-flex wp-container-core-columns-is-layout-9d6595d7 wp-block-columns-is-layout-flex\">\n<div class=\"wp-block-column is-layout-flow wp-block-column-is-layout-flow\">\n<h2 class=\"wp-block-heading\">Preis<\/h2>\n\n\n\n<p>1.512\u20ac inkl. Mw.St.<\/p>\n<\/div>\n\n\n\n<div class=\"wp-block-column is-vertically-aligned-center is-layout-flow wp-block-column-is-layout-flow\">\n<div class=\"wp-block-buttons is-content-justification-right is-layout-flex wp-container-core-buttons-is-layout-765c4724 wp-block-buttons-is-layout-flex\">\n<div class=\"wp-block-button has-custom-font-size is-style-outline has-small-font-size is-style-outline--1\"><a class=\"wp-block-button__link has-white-background-color has-background wp-element-button\" href=\"https:\/\/www.schallware.de\/rental\/832\/flyer.pdf\" target=\"_blank\" rel=\"noreferrer noopener\">Flyer zum Download<\/a><\/div>\n<\/div>\n<\/div>\n<\/div>\n\n\n\n<div class=\"wp-block-buttons is-content-justification-center is-layout-flex wp-container-core-buttons-is-layout-16018d1d wp-block-buttons-is-layout-flex\">\n<div class=\"wp-block-button has-custom-font-size has-medium-font-size\"><a class=\"wp-block-button__link has-white-color has-text-color has-background wp-element-button\" href=\"https:\/\/www.schallware.de\/rental\/832\" style=\"background-color:#053647\" target=\"_blank\" rel=\"noreferrer noopener\">Anmeldung<\/a><\/div>\n<\/div>\n","protected":false},"excerpt":{"rendered":"<p>Wissenschaftliche Leitung: Prof. Dr. med. Christoph Dietrich(DEGUM Stufe 3, Hirslanden Bern Schweiz) Referent: Frau Dr. med. Claudia Lucius(DEGUM Stufe 2, Ausbilderin, Poliklinik am Helios Berlin-Buch), F\u00c4 f\u00fcr Innere Medizin\/Gastroenterologie Referent: Prof. Dr. med. Andrej PotthoffInternist, Gastroenterologe Medizinische Hochschule Hannover, Gemeinschaftspraxis f\u00fcr Innere Medizin und GastroenterologieMEDICUM Wunstorf Beschreibung Ziel des Kurses ist einen Aufbaukus Abdomen nach DEGUM-Richtlinien anzubieten, welcher durch zus\u00e4tzliche \u00dcbungszeit im und ausserhalb des Kurses von Simulatoren und damit reproduzierbaren Lerninhalten unterst\u00fctzt wird. W\u00e4hrend Vortr\u00e4gen kann an Fallbeispielen mitgeschallt und an praktischen \u00dcbungen das Wissen vertieft werden.Dadurch ist sichergestellt, dass ein breites Spektrum an Pathologien im Aufbaukurs selbst geschallt werden kann. In der Regel werden bei \u00dcbungen die Teilnehmer zun\u00e4chst vorschallen und dann wird der Fall am Masterger\u00e4t mit Beamer erl\u00e4utert und besprochen. Unterst\u00fctzung f\u00fcr die Teilnehmer w\u00e4hrend des Vorschallens ergibt sich durch die Unterst\u00fctzung von Referenten und Tutoren.Sinnvolle Untersuchungsstrategien mit Erl\u00e4uterung der Ger\u00e4tefunktionen sowohl am Simulator und als&hellip;<\/p>\n<p> <a class=\"more-link\" href=\"https:\/\/schallware-ultrasound-simulator.de\/simulationstage\/abdomen-aufbaukurs-sommer-berlin\/\">Weiterlesen<\/a><\/p>\n","protected":false},"author":1,"featured_media":110,"parent":0,"menu_order":0,"comment_status":"closed","ping_status":"closed","template":"","meta":{"pgc_sgb_lightbox_settings":"","footnotes":""},"class_list":["post-141","page","type-page","status-publish","has-post-thumbnail"],"_links":{"self":[{"href":"https:\/\/schallware-ultrasound-simulator.de\/simulationstage\/wp-json\/wp\/v2\/pages\/141","targetHints":{"allow":["GET"]}}],"collection":[{"href":"https:\/\/schallware-ultrasound-simulator.de\/simulationstage\/wp-json\/wp\/v2\/pages"}],"about":[{"href":"https:\/\/schallware-ultrasound-simulator.de\/simulationstage\/wp-json\/wp\/v2\/types\/page"}],"author":[{"embeddable":true,"href":"https:\/\/schallware-ultrasound-simulator.de\/simulationstage\/wp-json\/wp\/v2\/users\/1"}],"replies":[{"embeddable":true,"href":"https:\/\/schallware-ultrasound-simulator.de\/simulationstage\/wp-json\/wp\/v2\/comments?post=141"}],"version-history":[{"count":14,"href":"https:\/\/schallware-ultrasound-simulator.de\/simulationstage\/wp-json\/wp\/v2\/pages\/141\/revisions"}],"predecessor-version":[{"id":718,"href":"https:\/\/schallware-ultrasound-simulator.de\/simulationstage\/wp-json\/wp\/v2\/pages\/141\/revisions\/718"}],"wp:featuredmedia":[{"embeddable":true,"href":"https:\/\/schallware-ultrasound-simulator.de\/simulationstage\/wp-json\/wp\/v2\/media\/110"}],"wp:attachment":[{"href":"https:\/\/schallware-ultrasound-simulator.de\/simulationstage\/wp-json\/wp\/v2\/media?parent=141"}],"curies":[{"name":"wp","href":"https:\/\/api.w.org\/{rel}","templated":true}]}}