{"id":140,"date":"2023-08-23T12:28:05","date_gmt":"2023-08-23T10:28:05","guid":{"rendered":"https:\/\/schallware-ultrasound-simulator.de\/simulationstage\/?page_id=140"},"modified":"2023-12-22T19:44:13","modified_gmt":"2023-12-22T18:44:13","slug":"geburtshilfe-sommer-berlin","status":"publish","type":"page","link":"https:\/\/schallware-ultrasound-simulator.de\/simulationstage\/geburtshilfe-sommer-berlin\/","title":{"rendered":"Geburtshilfe"},"content":{"rendered":"\n<div class=\"wp-block-columns has-background is-layout-flex wp-container-core-columns-is-layout-9d6595d7 wp-block-columns-is-layout-flex\" style=\"background-color:#0537474d\">\n<div class=\"wp-block-column is-vertically-aligned-center is-layout-flow wp-block-column-is-layout-flow\" style=\"flex-basis:50%\">\n<p><strong>Wissenschaftliche Leitung:<\/strong><br>Dr. med. Andreas Br\u00fcckmann<br>Facharzt f\u00fcr Gyn\u00e4kologie und Geburtshilfe<br>Pr\u00e4nataldiagnostik \u2013 DEGUM Stufe II, FMF, DGEM, DGBT, DGGG, IWGMH<\/p>\n<\/div>\n\n\n\n<div class=\"wp-block-column is-layout-flow wp-block-column-is-layout-flow\" style=\"flex-basis:50%\"><div class=\"wp-block-image\">\n<figure class=\"aligncenter size-full is-resized\"><a href=\"https:\/\/frauenarzt-erfurt.net\/praxis-team\/\" target=\"_blank\" rel=\"noreferrer noopener\"><img decoding=\"async\" src=\"https:\/\/schallware-ultrasound-simulator.de\/simulationstage\/wp-content\/uploads\/sites\/3\/2023\/09\/image0.jpeg\" alt=\"\" class=\"wp-image-443\" width=\"200\" height=\"200\" srcset=\"https:\/\/schallware-ultrasound-simulator.de\/simulationstage\/wp-content\/uploads\/sites\/3\/2023\/09\/image0.jpeg 400w, https:\/\/schallware-ultrasound-simulator.de\/simulationstage\/wp-content\/uploads\/sites\/3\/2023\/09\/image0-300x300.jpeg 300w, https:\/\/schallware-ultrasound-simulator.de\/simulationstage\/wp-content\/uploads\/sites\/3\/2023\/09\/image0-150x150.jpeg 150w\" sizes=\"(max-width: 200px) 100vw, 200px\" \/><\/a><\/figure><\/div><\/div>\n<\/div>\n\n\n\n<h2 class=\"wp-block-heading\">Beschreibung<\/h2>\n\n\n\n<p>Dr. Br\u00fcckmann f\u00fchrt durch das Modul &#8216;praktische Uebungen Grundkurs&#8217;. Es wird anhand von \u00fcber 60 Kasuistiken (h\u00e4ufige und seltene Fehlbildungen) trainiert. Neben den Simulatoren stehen US-Geraete und Probanden zur Verfuegung.<\/p>\n\n\n\n<p>W\u00e4hrend der praktischen \u00dcbungen kann der Kursteilnehmer selbst die Befunde aus dem Vortrag an der Puppe nachvollziehen, Messungen durchf\u00fchren und Schnittebenen einstellen. Dabei wird auf Echtdaten (hochaufl\u00f6sende Volumen) zur\u00fcckgegriffen. F\u00fcr das fetale Herz liegen 4D Aufnahmen vor.<\/p>\n\n\n\n<p><\/p>\n\n\n\n<h2 class=\"wp-block-heading\">Zeitplan<\/h2>\n\n\n\n<div class=\"wp-block-columns is-layout-flex wp-container-core-columns-is-layout-9d6595d7 wp-block-columns-is-layout-flex\">\n<div class=\"wp-block-column has-white-color has-text-color has-background is-layout-flow wp-block-column-is-layout-flow\" style=\"background-color:#0537479c\">\n<div class=\"wp-block-columns is-layout-flex wp-container-core-columns-is-layout-9d6595d7 wp-block-columns-is-layout-flex\">\n<div class=\"wp-block-column is-layout-flow wp-block-column-is-layout-flow\" style=\"flex-basis:2%\"><\/div>\n\n\n\n<div class=\"wp-block-column is-layout-flow wp-block-column-is-layout-flow\">\n<p><strong>100% Praxis hands-on<\/strong><br>15:00-20 Uhr Einweisung in die Simulatortechnik<br>Praktische Uebungen am Simulator und an Normalpatienten mit US-Geraet<br><br><strong>Anatomie und pathologische Faelle:<\/strong><br>ZNS (Neurosonographie)<br>fetaler Thorax<br>fetales Abdomen<br>Plazenta und Nabelschnur<br>Geminigravidit\u00e4t<br>Echokardiographie<br>Urogenitaltrakt<\/p>\n\n\n\n<p><\/p>\n<\/div>\n\n\n\n<div class=\"wp-block-column is-layout-flow wp-block-column-is-layout-flow\" style=\"flex-basis:2%\"><\/div>\n<\/div>\n<\/div>\n<\/div>\n\n\n\n<div class=\"wp-block-columns is-layout-flex wp-container-core-columns-is-layout-9d6595d7 wp-block-columns-is-layout-flex\">\n<div class=\"wp-block-column is-layout-flow wp-block-column-is-layout-flow\">\n<h2 class=\"wp-block-heading\">Preis<\/h2>\n\n\n\n<p>395\u20ac inkl. Mw.St.<\/p>\n<\/div>\n\n\n\n<div class=\"wp-block-column is-vertically-aligned-center is-layout-flow wp-block-column-is-layout-flow\">\n<div class=\"wp-block-buttons is-content-justification-right is-layout-flex wp-container-core-buttons-is-layout-e6df00e8 wp-block-buttons-is-layout-flex\">\n<div class=\"wp-block-button has-custom-font-size is-style-outline has-small-font-size is-style-outline--1\"><a class=\"wp-block-button__link has-white-background-color has-background has-text-align-right wp-element-button\" href=\"https:\/\/www.schallware.de\/rental\/833\/flyer.pdf\" target=\"_blank\" rel=\"noreferrer noopener\">Flyer zum Download<\/a><\/div>\n<\/div>\n<\/div>\n<\/div>\n\n\n\n<div class=\"wp-block-buttons is-content-justification-center is-layout-flex wp-container-core-buttons-is-layout-16018d1d wp-block-buttons-is-layout-flex\">\n<div class=\"wp-block-button has-custom-font-size has-medium-font-size\"><a class=\"wp-block-button__link has-white-color has-text-color has-background wp-element-button\" href=\"https:\/\/www.schallware.de\/rental\/833\" style=\"background-color:#053647\" target=\"_blank\" rel=\"noreferrer noopener\">Anmeldung<\/a><\/div>\n<\/div>\n","protected":false},"excerpt":{"rendered":"<p>Wissenschaftliche Leitung:Dr. med. Andreas Br\u00fcckmannFacharzt f\u00fcr Gyn\u00e4kologie und GeburtshilfePr\u00e4nataldiagnostik \u2013 DEGUM Stufe II, FMF, DGEM, DGBT, DGGG, IWGMH Beschreibung Dr. Br\u00fcckmann f\u00fchrt durch das Modul &#8216;praktische Uebungen Grundkurs&#8217;. Es wird anhand von \u00fcber 60 Kasuistiken (h\u00e4ufige und seltene Fehlbildungen) trainiert. Neben den Simulatoren stehen US-Geraete und Probanden zur Verfuegung. W\u00e4hrend der praktischen \u00dcbungen kann der Kursteilnehmer selbst die Befunde aus dem Vortrag an der Puppe nachvollziehen, Messungen durchf\u00fchren und Schnittebenen einstellen. Dabei wird auf Echtdaten (hochaufl\u00f6sende Volumen) zur\u00fcckgegriffen. F\u00fcr das fetale Herz liegen 4D Aufnahmen vor. Zeitplan 100% Praxis hands-on15:00-20 Uhr Einweisung in die SimulatortechnikPraktische Uebungen am Simulator und an Normalpatienten mit US-Geraet Anatomie und pathologische Faelle:ZNS (Neurosonographie)fetaler Thoraxfetales AbdomenPlazenta und NabelschnurGeminigravidit\u00e4tEchokardiographieUrogenitaltrakt Preis 395\u20ac inkl. Mw.St.<\/p>\n","protected":false},"author":1,"featured_media":110,"parent":0,"menu_order":0,"comment_status":"closed","ping_status":"closed","template":"","meta":{"pgc_sgb_lightbox_settings":"","footnotes":""},"class_list":["post-140","page","type-page","status-publish","has-post-thumbnail"],"_links":{"self":[{"href":"https:\/\/schallware-ultrasound-simulator.de\/simulationstage\/wp-json\/wp\/v2\/pages\/140","targetHints":{"allow":["GET"]}}],"collection":[{"href":"https:\/\/schallware-ultrasound-simulator.de\/simulationstage\/wp-json\/wp\/v2\/pages"}],"about":[{"href":"https:\/\/schallware-ultrasound-simulator.de\/simulationstage\/wp-json\/wp\/v2\/types\/page"}],"author":[{"embeddable":true,"href":"https:\/\/schallware-ultrasound-simulator.de\/simulationstage\/wp-json\/wp\/v2\/users\/1"}],"replies":[{"embeddable":true,"href":"https:\/\/schallware-ultrasound-simulator.de\/simulationstage\/wp-json\/wp\/v2\/comments?post=140"}],"version-history":[{"count":6,"href":"https:\/\/schallware-ultrasound-simulator.de\/simulationstage\/wp-json\/wp\/v2\/pages\/140\/revisions"}],"predecessor-version":[{"id":463,"href":"https:\/\/schallware-ultrasound-simulator.de\/simulationstage\/wp-json\/wp\/v2\/pages\/140\/revisions\/463"}],"wp:featuredmedia":[{"embeddable":true,"href":"https:\/\/schallware-ultrasound-simulator.de\/simulationstage\/wp-json\/wp\/v2\/media\/110"}],"wp:attachment":[{"href":"https:\/\/schallware-ultrasound-simulator.de\/simulationstage\/wp-json\/wp\/v2\/media?parent=140"}],"curies":[{"name":"wp","href":"https:\/\/api.w.org\/{rel}","templated":true}]}}