{"id":1004,"date":"2025-07-30T14:40:38","date_gmt":"2025-07-30T12:40:38","guid":{"rendered":"https:\/\/schallware-ultrasound-simulator.de\/simulationstage\/?page_id=1004"},"modified":"2025-09-03T12:39:20","modified_gmt":"2025-09-03T10:39:20","slug":"schallware-simulationstage-copy","status":"publish","type":"page","link":"https:\/\/schallware-ultrasound-simulator.de\/simulationstage\/","title":{"rendered":"Schallware Simulationstage"},"content":{"rendered":"\n<a style=\"display:inline-block; padding:6px 20px; background-color:#053647; color:#ffffff; text-decoration:none; border-radius:16px; font-size:16px; width:100px; text-align:center;\" href=\"?ort=\">Alle<\/a>\n<a style=\"display:inline-block; padding:6px 20px; background-color:#053647; color:#ffffff; text-decoration:none; border-radius:16px; font-size:16px; width:100px; text-align:center;\" href=\"?ort=Berlin\">Berlin<\/a>\n<a style=\"display:inline-block; padding:6px 20px; background-color:#053647; color:#ffffff; text-decoration:none; border-radius:16px; font-size:16px; width:100px; text-align:center;\" href=\"?ort=Essen\">Essen<\/a>\n<a style=\"display:inline-block; padding:6px 20px; background-color:#053647; color:#ffffff; text-decoration:none; border-radius:16px; font-size:16px; width:100px; text-align:center;\" href=\"?ort=Hannover\">Hannover<\/a>\n<a style=\"display:inline-block; padding:6px 20px; background-color:#053647; color:#ffffff; text-decoration:none; border-radius:16px; font-size:16px; width:100px; text-align:center;\" href=\"?ort=M\u00fcnchen\">M\u00fcnchen<\/a>\n<a style=\"display:inline-block; padding:6px 20px; background-color:#053647; color:#ffffff; text-decoration:none; border-radius:16px; font-size:16px; width:100px; text-align:center;\" href=\"?ort=Frankfurt\">Frankfurt<\/a>\n<a style=\"display:inline-block; padding:6px 20px; background-color:#053647; color:#ffffff; text-decoration:none; border-radius:16px; font-size:16px; width:100px; text-align:center;\" href=\"?ort=Aachen\">Aachen<\/a>\n\n\n\n<div style=\"height:24px\" aria-hidden=\"true\" class=\"wp-block-spacer\"><\/div>\n\n\n\n<div class=\"iframe-container\" style=\"min-height:300px;\">\n<iframe src=\"https:\/\/www.schallware.de\/weekplan\" class=\"weekplan\" width=\"1000\" height=\"600\">\n<\/iframe>\n<\/div>\n\n\n\n<p class=\"has-text-color has-medium-font-size\" style=\"color:#053647\">Wir laden Sie herzlich zu den &#8216;<strong>Schallware Simulationstagen<\/strong>&#8216; ein!<\/p>\n\n\n\n<div style=\"height:24px\" aria-hidden=\"true\" class=\"wp-block-spacer\"><\/div>\n\n\n\n<p class=\"has-text-color\" style=\"color:#053647\">Diese Veranstaltung bietet Ihnen ein breites Spektrum von Sonografiekursen verschiedener Fachbereiche (Innere Medizin, Kardiologie, P\u00e4diatrie, Gyn\u00e4kologie, Notfallmedizin). Das Programm umfasst curriculare Grundkurse, Aufbaukurse, Module und Workshops: <strong>Abdomen, Notfallsonografie, Kardiologie TEE , P\u00e4diatrie am Neugeborenen Neo&nbsp;<\/strong>und <strong>Geburtshilfe<\/strong>. Diese <strong>DEGUM-zertifizierten, KV-konformen<\/strong> Kurse werden von <strong>renommierten Kursleiter*innen<\/strong> gef\u00fchrt. Sie erwartet eine besonders praxisintensive Schulung durch interaktive Vortr\u00e4ge und hands-on \u00dcbungen am Simulator und Probandinnen.<\/p>\n\n\n\n<div style=\"height:24px\" aria-hidden=\"true\" class=\"wp-block-spacer\"><\/div>\n\n\n\n\n\n\n<div style=\"height:24px\" aria-hidden=\"true\" class=\"wp-block-spacer\"><\/div>\n\n\n\n<h2 class=\"wp-block-heading\">Impressionen<\/h2>\n\n\n\n<div style=\"height:24px\" aria-hidden=\"true\" class=\"wp-block-spacer\"><\/div>\n\n\n<iframe  id=\"_ytid_66969\"  width=\"800\" height=\"450\"  data-origwidth=\"800\" data-origheight=\"450\" src=\"https:\/\/www.youtube.com\/embed\/UuaWsjp08TE?enablejsapi=1&#038;autoplay=0&#038;cc_load_policy=0&#038;cc_lang_pref=&#038;iv_load_policy=3&#038;loop=0&#038;rel=0&#038;fs=1&#038;playsinline=0&#038;autohide=2&#038;theme=dark&#038;color=red&#038;controls=1&#038;disablekb=0&#038;\" class=\"__youtube_prefs__  no-lazyload\" title=\"YouTube player\"  allow=\"fullscreen; accelerometer; autoplay; clipboard-write; encrypted-media; gyroscope; picture-in-picture; web-share\" referrerpolicy=\"strict-origin-when-cross-origin\" allowfullscreen data-no-lazy=\"1\" data-skipgform_ajax_framebjll=\"\"><\/iframe>\n\n\n<div style=\"height:39px\" aria-hidden=\"true\" class=\"wp-block-spacer\"><\/div>\n\n\n\n<h2 class=\"wp-block-heading\">Partnerkliniken<\/h2>\n\n<iframe src=\"https:\/\/www.schallware.de\/partnerclinics\" width=1000 height=500><\/iframe>\n\n\n<p><strong>10% Rabatt<\/strong> auf Kurse der Schallware Simulationstage f\u00fcr Mitarbeiter*innen von Partnerkliniken<\/p>\n\n","protected":false},"excerpt":{"rendered":"<p>Alle Berlin Essen Hannover M\u00fcnchen Frankfurt Aachen Wir laden Sie herzlich zu den &#8216;Schallware Simulationstagen&#8216; ein! Diese Veranstaltung bietet Ihnen ein breites Spektrum von Sonografiekursen verschiedener Fachbereiche (Innere Medizin, Kardiologie, P\u00e4diatrie, Gyn\u00e4kologie, Notfallmedizin). Das Programm umfasst curriculare Grundkurse, Aufbaukurse, Module und Workshops: Abdomen, Notfallsonografie, Kardiologie TEE , P\u00e4diatrie am Neugeborenen Neo&nbsp;und Geburtshilfe. Diese DEGUM-zertifizierten, KV-konformen Kurse werden von renommierten Kursleiter*innen gef\u00fchrt. Sie erwartet eine besonders praxisintensive Schulung durch interaktive Vortr\u00e4ge und hands-on \u00dcbungen am Simulator und Probandinnen. Impressionen Partnerkliniken 10% Rabatt auf Kurse der Schallware Simulationstage f\u00fcr Mitarbeiter*innen von Partnerkliniken<\/p>\n","protected":false},"author":1,"featured_media":422,"parent":0,"menu_order":0,"comment_status":"closed","ping_status":"open","template":"","meta":{"pgc_sgb_lightbox_settings":"","footnotes":""},"class_list":["post-1004","page","type-page","status-publish","has-post-thumbnail"],"_links":{"self":[{"href":"https:\/\/schallware-ultrasound-simulator.de\/simulationstage\/wp-json\/wp\/v2\/pages\/1004","targetHints":{"allow":["GET"]}}],"collection":[{"href":"https:\/\/schallware-ultrasound-simulator.de\/simulationstage\/wp-json\/wp\/v2\/pages"}],"about":[{"href":"https:\/\/schallware-ultrasound-simulator.de\/simulationstage\/wp-json\/wp\/v2\/types\/page"}],"author":[{"embeddable":true,"href":"https:\/\/schallware-ultrasound-simulator.de\/simulationstage\/wp-json\/wp\/v2\/users\/1"}],"replies":[{"embeddable":true,"href":"https:\/\/schallware-ultrasound-simulator.de\/simulationstage\/wp-json\/wp\/v2\/comments?post=1004"}],"version-history":[{"count":43,"href":"https:\/\/schallware-ultrasound-simulator.de\/simulationstage\/wp-json\/wp\/v2\/pages\/1004\/revisions"}],"predecessor-version":[{"id":1072,"href":"https:\/\/schallware-ultrasound-simulator.de\/simulationstage\/wp-json\/wp\/v2\/pages\/1004\/revisions\/1072"}],"wp:featuredmedia":[{"embeddable":true,"href":"https:\/\/schallware-ultrasound-simulator.de\/simulationstage\/wp-json\/wp\/v2\/media\/422"}],"wp:attachment":[{"href":"https:\/\/schallware-ultrasound-simulator.de\/simulationstage\/wp-json\/wp\/v2\/media?parent=1004"}],"curies":[{"name":"wp","href":"https:\/\/api.w.org\/{rel}","templated":true}]}}